{"id":7,"date":"2016-06-27T22:09:49","date_gmt":"2016-06-27T20:09:49","guid":{"rendered":"https:\/\/haks-projekt.de\/goettingen\/?page_id=7"},"modified":"2016-08-23T11:56:00","modified_gmt":"2016-08-23T09:56:00","slug":"haks-in-goettingen","status":"publish","type":"page","link":"https:\/\/haks-projekt.de\/goettingen\/","title":{"rendered":"HAKS in G\u00f6ttingen"},"content":{"rendered":"<p>Die Anforderungen an energetische Sanierungen werden stetig h\u00f6her. Eine Vernetzung der verschiedenen Gewerke wird von Baustelle zu Baustelle wichtiger. In der Region G\u00f6ttingen gibt es einerseits viele Neubauprojekte, anderseits viele Fachwerksanierungen.<\/p>\n<p>Mit HAKS bieten wir eine freiwillige Zusatzqualifikation, die das Handwerk bei einer reibungslosen Umsetzung Ihrer Bauvorhaben unter Ber\u00fccksichtigung der Anforderungen auf Ihren Baustellen unterst\u00fctzt.<\/p>\n","protected":false},"excerpt":{"rendered":"<p>Die Anforderungen an energetische Sanierungen werden stetig h\u00f6her. Eine Vernetzung der verschiedenen Gewerke wird von Baustelle zu Baustelle wichtiger. In der Region G\u00f6ttingen gibt es einerseits viele Neubauprojekte, anderseits viele Fachwerksanierungen. Mit HAKS bieten wir eine freiwillige Zusatzqualifikation, die das Handwerk bei einer reibungslosen Umsetzung Ihrer Bauvorhaben unter Ber\u00fccksichtigung der Anforderungen auf Ihren Baustellen unterst\u00fctzt.<\/p>\n","protected":false},"author":1,"featured_media":142,"parent":0,"menu_order":0,"comment_status":"closed","ping_status":"closed","template":"","meta":[],"_links":{"self":[{"href":"https:\/\/haks-projekt.de\/goettingen\/wp-json\/wp\/v2\/pages\/7"}],"collection":[{"href":"https:\/\/haks-projekt.de\/goettingen\/wp-json\/wp\/v2\/pages"}],"about":[{"href":"https:\/\/haks-projekt.de\/goettingen\/wp-json\/wp\/v2\/types\/page"}],"author":[{"embeddable":true,"href":"https:\/\/haks-projekt.de\/goettingen\/wp-json\/wp\/v2\/users\/1"}],"replies":[{"embeddable":true,"href":"https:\/\/haks-projekt.de\/goettingen\/wp-json\/wp\/v2\/comments?post=7"}],"version-history":[{"count":3,"href":"https:\/\/haks-projekt.de\/goettingen\/wp-json\/wp\/v2\/pages\/7\/revisions"}],"predecessor-version":[{"id":143,"href":"https:\/\/haks-projekt.de\/goettingen\/wp-json\/wp\/v2\/pages\/7\/revisions\/143"}],"wp:featuredmedia":[{"embeddable":true,"href":"https:\/\/haks-projekt.de\/goettingen\/wp-json\/wp\/v2\/media\/142"}],"wp:attachment":[{"href":"https:\/\/haks-projekt.de\/goettingen\/wp-json\/wp\/v2\/media?parent=7"}],"curies":[{"name":"wp","href":"https:\/\/api.w.org\/{rel}","templated":true}]}}