{"id":7,"date":"2016-06-27T22:06:39","date_gmt":"2016-06-27T20:06:39","guid":{"rendered":"https:\/\/haks-projekt.de\/hannover\/?page_id=7"},"modified":"2016-08-02T15:20:08","modified_gmt":"2016-08-02T13:20:08","slug":"haks-in-hannover","status":"publish","type":"page","link":"https:\/\/haks-projekt.de\/hannover\/","title":{"rendered":"HAKS in Hannover"},"content":{"rendered":"<p>Jahr f\u00fcr Jahr beginnen tausende Jugendliche ihre Berufsausbildung in Stadt und Region Hannover \u2013 viele von ihnen haben sich ein Handwerk ausgesucht. Nun bekommen diese jungen Frauen und M\u00e4nner mit dem Projekt HAKS die M\u00f6glichkeit, sich gewerke\u00fcbergreifend und zukunftsorientiert weiterzubilden.<\/p>\n<p>Projektpartner ist die Klimaschutzagentur Region Hannover. Seit 2001 b\u00fcndelt sie die Aktivit\u00e4ten rund um den Klimaschutz in der Region, bietet kostenlose Beratungen f\u00fcr B\u00fcrger und Unternehmen an und unterst\u00fctzt die Kommunen bei der Umsetzung ihrer Klimaschutz-Aktionsprogramme.<\/p>\n","protected":false},"excerpt":{"rendered":"<p>Jahr f\u00fcr Jahr beginnen tausende Jugendliche ihre Berufsausbildung in Stadt und Region Hannover \u2013 viele von ihnen haben sich ein Handwerk ausgesucht. Nun bekommen diese jungen Frauen und M\u00e4nner mit dem Projekt HAKS die M\u00f6glichkeit, sich gewerke\u00fcbergreifend und zukunftsorientiert weiterzubilden. Projektpartner ist die Klimaschutzagentur Region Hannover. Seit 2001 b\u00fcndelt sie die Aktivit\u00e4ten rund um den (\u2026)<\/p>\n","protected":false},"author":1,"featured_media":141,"parent":0,"menu_order":0,"comment_status":"closed","ping_status":"closed","template":"","meta":[],"_links":{"self":[{"href":"https:\/\/haks-projekt.de\/hannover\/wp-json\/wp\/v2\/pages\/7"}],"collection":[{"href":"https:\/\/haks-projekt.de\/hannover\/wp-json\/wp\/v2\/pages"}],"about":[{"href":"https:\/\/haks-projekt.de\/hannover\/wp-json\/wp\/v2\/types\/page"}],"author":[{"embeddable":true,"href":"https:\/\/haks-projekt.de\/hannover\/wp-json\/wp\/v2\/users\/1"}],"replies":[{"embeddable":true,"href":"https:\/\/haks-projekt.de\/hannover\/wp-json\/wp\/v2\/comments?post=7"}],"version-history":[{"count":2,"href":"https:\/\/haks-projekt.de\/hannover\/wp-json\/wp\/v2\/pages\/7\/revisions"}],"predecessor-version":[{"id":142,"href":"https:\/\/haks-projekt.de\/hannover\/wp-json\/wp\/v2\/pages\/7\/revisions\/142"}],"wp:featuredmedia":[{"embeddable":true,"href":"https:\/\/haks-projekt.de\/hannover\/wp-json\/wp\/v2\/media\/141"}],"wp:attachment":[{"href":"https:\/\/haks-projekt.de\/hannover\/wp-json\/wp\/v2\/media?parent=7"}],"curies":[{"name":"wp","href":"https:\/\/api.w.org\/{rel}","templated":true}]}}